{"id":829,"date":"2013-02-05T23:42:00","date_gmt":"2013-02-05T21:42:00","guid":{"rendered":"http:\/\/www.yapiweb.ch\/mentions-legales\/"},"modified":"2016-04-23T22:44:18","modified_gmt":"2016-04-23T20:44:18","slug":"mentions-legales","status":"publish","type":"page","link":"https:\/\/www.yapiweb.ch\/fr\/mentions-legales\/","title":{"rendered":"Mentions l\u00e9gales"},"content":{"rendered":"<p>Yapi Web GmbH<br \/>\nM\u00f6nchaltorferstrasse 10<br \/>\n8132 Egg<br \/>\nSuisse<br \/>\n<script type=\"text\/javascript\"> eval(unescape('%64%6f%63%75%6d%65%6e%74%2e%77%72%69%74%65%28%27%3c%61%20%68%72%65%66%3d%22%6d%61%69%6c%74%6f%3a%69%6e%66%6f%40%79%61%70%69%77%65%62%2e%63%68%22%20%72%65%6c%3d%22%6e%6f%66%6f%6c%6c%6f%77%22%3e%69%6e%66%6f%40%79%61%70%69%77%65%62%2e%63%68%3c%2f%61%3e%27%29%3b')); <\/script><br \/>\n+41 76 321 47 67<\/p>\n<h2>Contenu du site web:<\/h2>\n<p style=\"text-align: justify;\">Les informations communiqu\u00e9es sur le site www.yapiweb.ch sont fournies \u00e0 titre indicatif. Elles ne sauraient engager la responsabilit\u00e9 de YapiWeb. Elles peuvent \u00eatre modifi\u00e9es ou chang\u00e9es sans pr\u00e9avis.<\/p>\n<p style=\"text-align: justify;\">Yapi Web dispose de tous les droits sur l'int\u00e9gralit\u00e9 du site www.yapiweb.ch. Toute reproduction, repr\u00e9sentation ou diffusion de tout ou partie du site web est formellement interdite sauf autorisation expresse et \u00e9crite de Yapi Web.<\/p>\n<p style=\"text-align: justify;\">La responsabilit\u00e9 de Yapi Web ne saurait \u00eatre engag\u00e9e ni pour les liens hypertextes en direction d'autres sites ni pour leur design et contenu.<\/p>\n<h2 style=\"text-align: justify;\">Information concernant la saisie des donn\u00e9es:<\/h2>\n<p style=\"text-align: justify;\">Ce site utilise Google Analytics, un service d&rsquo;analyse de site internet fourni par Google Inc. (\"Google\"). Google Analytics utilise des cookies , qui sont des fichiers texte plac\u00e9s sur votre ordinateur, pour aider le site internet \u00e0 analyser l&rsquo;utilisation du site par ses utilisateurs. Les donn\u00e9es g\u00e9n\u00e9r\u00e9es par les cookies concernant votre utilisation du site (y compris votre adresse IP) seront transmises et stock\u00e9es par Google sur des serveurs situ\u00e9s aux Etats-Unis. Google utilisera cette information dans le but d&rsquo;\u00e9valuer votre utilisation du site, de compiler des rapports sur l&rsquo;activit\u00e9 du site \u00e0 destination de son \u00e9diteur et de fournir d&rsquo;autres services relatifs \u00e0 l&rsquo;activit\u00e9 du site et \u00e0 l&rsquo;utilisation d&rsquo;Internet. Google est susceptible de communiquer ces donn\u00e9es \u00e0 des tiers en cas d&rsquo;obligation l\u00e9gale ou lorsque ces tiers traitent ces donn\u00e9es pour le compte de Google, y compris notamment l&rsquo;\u00e9diteur de ce site. Google ne recoupera pas votre adresse IP avec toute autre donn\u00e9e d\u00e9tenue par Google. Vous pouvez d\u00e9sactiver l&rsquo;utilisation de cookies en s\u00e9lectionnant les param\u00e8tres appropri\u00e9s de votre navigateur. Cependant, une telle d\u00e9sactivation pourrait emp\u00eacher l&rsquo;utilisation de certaines fonctionnalit\u00e9s de ce site. En utilisant ce site internet, vous consentez express\u00e9ment au traitement de vos donn\u00e9es nominatives par Google dans les conditions et pour les finalit\u00e9s d\u00e9crites ci-dessus.<\/p>\n","protected":false},"excerpt":{"rendered":"<p>Yapi Web GmbH M\u00f6nchaltorferstrasse 10 8132 Egg Suisse +41 76 321 47 67 Contenu du site web: Les informations communiqu\u00e9es sur le site www.yapiweb.ch sont fournies \u00e0 titre indicatif. Elles ne sauraient engager la responsabilit\u00e9 de YapiWeb. Elles peuvent \u00eatre modifi\u00e9es ou chang\u00e9es sans pr\u00e9avis. Yapi Web dispose de tous les droits sur l&rsquo;int\u00e9gralit\u00e9 du [&hellip;]<\/p>\n","protected":false},"author":3,"featured_media":0,"parent":0,"menu_order":0,"comment_status":"closed","ping_status":"open","template":"","meta":{"_acf_changed":false,"footnotes":""},"class_list":["post-829","page","type-page","status-publish","hentry"],"yoast_head":"<!-- This site is optimized with the Yoast SEO plugin v27.5 - https:\/\/yoast.com\/product\/yoast-seo-wordpress\/ -->\n<title>Mentions l\u00e9gales<\/title>\n<meta name=\"description\" content=\"Impressum der Yapi Web GmbH: Erfolgreiches Suchmaschinenmarketing (SEM) f\u00fcr KMU. Kontaktieren Sie uns.\" \/>\n<meta name=\"robots\" content=\"index, follow, max-snippet:-1, max-image-preview:large, max-video-preview:-1\" \/>\n<link rel=\"canonical\" href=\"https:\/\/www.yapiweb.ch\/fr\/mentions-legales\/\" \/>\n<meta property=\"og:locale\" content=\"fr_FR\" \/>\n<meta property=\"og:type\" content=\"article\" \/>\n<meta property=\"og:title\" content=\"Mentions l\u00e9gales\" \/>\n<meta property=\"og:description\" content=\"Impressum der Yapi Web GmbH: Erfolgreiches Suchmaschinenmarketing (SEM) f\u00fcr KMU. Kontaktieren Sie uns.\" \/>\n<meta property=\"og:url\" content=\"https:\/\/www.yapiweb.ch\/fr\/mentions-legales\/\" \/>\n<meta property=\"og:site_name\" content=\"Yapi Web\" \/>\n<meta property=\"article:modified_time\" content=\"2016-04-23T20:44:18+00:00\" \/>\n<meta name=\"twitter:card\" content=\"summary_large_image\" \/>\n<meta name=\"twitter:label1\" content=\"Dur\u00e9e de lecture estim\u00e9e\" \/>\n\t<meta name=\"twitter:data1\" content=\"2 minutes\" \/>\n<script type=\"application\/ld+json\" class=\"yoast-schema-graph\">{\"@context\":\"https:\\\/\\\/schema.org\",\"@graph\":[{\"@type\":\"WebPage\",\"@id\":\"https:\\\/\\\/www.yapiweb.ch\\\/fr\\\/mentions-legales\\\/\",\"url\":\"https:\\\/\\\/www.yapiweb.ch\\\/fr\\\/mentions-legales\\\/\",\"name\":\"Mentions l\u00e9gales\",\"isPartOf\":{\"@id\":\"https:\\\/\\\/www.yapiweb.ch\\\/#website\"},\"datePublished\":\"2013-02-05T21:42:00+00:00\",\"dateModified\":\"2016-04-23T20:44:18+00:00\",\"description\":\"Impressum der Yapi Web GmbH: Erfolgreiches Suchmaschinenmarketing (SEM) f\u00fcr KMU. Kontaktieren Sie uns.\",\"breadcrumb\":{\"@id\":\"https:\\\/\\\/www.yapiweb.ch\\\/fr\\\/mentions-legales\\\/#breadcrumb\"},\"inLanguage\":\"fr-FR\",\"potentialAction\":[{\"@type\":\"ReadAction\",\"target\":[\"https:\\\/\\\/www.yapiweb.ch\\\/fr\\\/mentions-legales\\\/\"]}]},{\"@type\":\"BreadcrumbList\",\"@id\":\"https:\\\/\\\/www.yapiweb.ch\\\/fr\\\/mentions-legales\\\/#breadcrumb\",\"itemListElement\":[{\"@type\":\"ListItem\",\"position\":1,\"name\":\"Startseite\",\"item\":\"https:\\\/\\\/www.yapiweb.ch\\\/fr\\\/\"},{\"@type\":\"ListItem\",\"position\":2,\"name\":\"Mentions l\u00e9gales\"}]},{\"@type\":\"WebSite\",\"@id\":\"https:\\\/\\\/www.yapiweb.ch\\\/#website\",\"url\":\"https:\\\/\\\/www.yapiweb.ch\\\/\",\"name\":\"Yapi Web\",\"description\":\"Your Accurate Professional !\",\"publisher\":{\"@id\":\"https:\\\/\\\/www.yapiweb.ch\\\/#organization\"},\"potentialAction\":[{\"@type\":\"SearchAction\",\"target\":{\"@type\":\"EntryPoint\",\"urlTemplate\":\"https:\\\/\\\/www.yapiweb.ch\\\/?s={search_term_string}\"},\"query-input\":{\"@type\":\"PropertyValueSpecification\",\"valueRequired\":true,\"valueName\":\"search_term_string\"}}],\"inLanguage\":\"fr-FR\"},{\"@type\":\"Organization\",\"@id\":\"https:\\\/\\\/www.yapiweb.ch\\\/#organization\",\"name\":\"Yapi Web\",\"url\":\"https:\\\/\\\/www.yapiweb.ch\\\/\",\"logo\":{\"@type\":\"ImageObject\",\"inLanguage\":\"fr-FR\",\"@id\":\"https:\\\/\\\/www.yapiweb.ch\\\/#\\\/schema\\\/logo\\\/image\\\/\",\"url\":\"https:\\\/\\\/www.yapiweb.ch\\\/wp-content\\\/uploads\\\/Yapi-Web-Logo.png\",\"contentUrl\":\"https:\\\/\\\/www.yapiweb.ch\\\/wp-content\\\/uploads\\\/Yapi-Web-Logo.png\",\"width\":846,\"height\":399,\"caption\":\"Yapi Web\"},\"image\":{\"@id\":\"https:\\\/\\\/www.yapiweb.ch\\\/#\\\/schema\\\/logo\\\/image\\\/\"}}]}<\/script>\n<!-- \/ Yoast SEO plugin. -->","yoast_head_json":{"title":"Mentions l\u00e9gales","description":"Impressum der Yapi Web GmbH: Erfolgreiches Suchmaschinenmarketing (SEM) f\u00fcr KMU. Kontaktieren Sie uns.","robots":{"index":"index","follow":"follow","max-snippet":"max-snippet:-1","max-image-preview":"max-image-preview:large","max-video-preview":"max-video-preview:-1"},"canonical":"https:\/\/www.yapiweb.ch\/fr\/mentions-legales\/","og_locale":"fr_FR","og_type":"article","og_title":"Mentions l\u00e9gales","og_description":"Impressum der Yapi Web GmbH: Erfolgreiches Suchmaschinenmarketing (SEM) f\u00fcr KMU. Kontaktieren Sie uns.","og_url":"https:\/\/www.yapiweb.ch\/fr\/mentions-legales\/","og_site_name":"Yapi Web","article_modified_time":"2016-04-23T20:44:18+00:00","twitter_card":"summary_large_image","twitter_misc":{"Dur\u00e9e de lecture estim\u00e9e":"2 minutes"},"schema":{"@context":"https:\/\/schema.org","@graph":[{"@type":"WebPage","@id":"https:\/\/www.yapiweb.ch\/fr\/mentions-legales\/","url":"https:\/\/www.yapiweb.ch\/fr\/mentions-legales\/","name":"Mentions l\u00e9gales","isPartOf":{"@id":"https:\/\/www.yapiweb.ch\/#website"},"datePublished":"2013-02-05T21:42:00+00:00","dateModified":"2016-04-23T20:44:18+00:00","description":"Impressum der Yapi Web GmbH: Erfolgreiches Suchmaschinenmarketing (SEM) f\u00fcr KMU. Kontaktieren Sie uns.","breadcrumb":{"@id":"https:\/\/www.yapiweb.ch\/fr\/mentions-legales\/#breadcrumb"},"inLanguage":"fr-FR","potentialAction":[{"@type":"ReadAction","target":["https:\/\/www.yapiweb.ch\/fr\/mentions-legales\/"]}]},{"@type":"BreadcrumbList","@id":"https:\/\/www.yapiweb.ch\/fr\/mentions-legales\/#breadcrumb","itemListElement":[{"@type":"ListItem","position":1,"name":"Startseite","item":"https:\/\/www.yapiweb.ch\/fr\/"},{"@type":"ListItem","position":2,"name":"Mentions l\u00e9gales"}]},{"@type":"WebSite","@id":"https:\/\/www.yapiweb.ch\/#website","url":"https:\/\/www.yapiweb.ch\/","name":"Yapi Web","description":"Your Accurate Professional !","publisher":{"@id":"https:\/\/www.yapiweb.ch\/#organization"},"potentialAction":[{"@type":"SearchAction","target":{"@type":"EntryPoint","urlTemplate":"https:\/\/www.yapiweb.ch\/?s={search_term_string}"},"query-input":{"@type":"PropertyValueSpecification","valueRequired":true,"valueName":"search_term_string"}}],"inLanguage":"fr-FR"},{"@type":"Organization","@id":"https:\/\/www.yapiweb.ch\/#organization","name":"Yapi Web","url":"https:\/\/www.yapiweb.ch\/","logo":{"@type":"ImageObject","inLanguage":"fr-FR","@id":"https:\/\/www.yapiweb.ch\/#\/schema\/logo\/image\/","url":"https:\/\/www.yapiweb.ch\/wp-content\/uploads\/Yapi-Web-Logo.png","contentUrl":"https:\/\/www.yapiweb.ch\/wp-content\/uploads\/Yapi-Web-Logo.png","width":846,"height":399,"caption":"Yapi Web"},"image":{"@id":"https:\/\/www.yapiweb.ch\/#\/schema\/logo\/image\/"}}]}},"acf":[],"_links":{"self":[{"href":"https:\/\/www.yapiweb.ch\/fr\/wp-json\/wp\/v2\/pages\/829","targetHints":{"allow":["GET"]}}],"collection":[{"href":"https:\/\/www.yapiweb.ch\/fr\/wp-json\/wp\/v2\/pages"}],"about":[{"href":"https:\/\/www.yapiweb.ch\/fr\/wp-json\/wp\/v2\/types\/page"}],"author":[{"embeddable":true,"href":"https:\/\/www.yapiweb.ch\/fr\/wp-json\/wp\/v2\/users\/3"}],"replies":[{"embeddable":true,"href":"https:\/\/www.yapiweb.ch\/fr\/wp-json\/wp\/v2\/comments?post=829"}],"version-history":[{"count":1,"href":"https:\/\/www.yapiweb.ch\/fr\/wp-json\/wp\/v2\/pages\/829\/revisions"}],"predecessor-version":[{"id":1042,"href":"https:\/\/www.yapiweb.ch\/fr\/wp-json\/wp\/v2\/pages\/829\/revisions\/1042"}],"wp:attachment":[{"href":"https:\/\/www.yapiweb.ch\/fr\/wp-json\/wp\/v2\/media?parent=829"}],"curies":[{"name":"wp","href":"https:\/\/api.w.org\/{rel}","templated":true}]}}