{"id":819,"date":"2013-02-05T23:40:48","date_gmt":"2013-02-05T21:40:48","guid":{"rendered":"http:\/\/www.yapiweb.ch\/cours-adwords\/"},"modified":"2024-03-22T15:54:42","modified_gmt":"2024-03-22T14:54:42","slug":"cours-google-ads","status":"publish","type":"page","link":"https:\/\/www.yapiweb.ch\/fr\/formations\/cours-google-ads\/","title":{"rendered":"Cours Google Ads"},"content":{"rendered":"<section class='av_textblock_section av-jlzi6alu-92ec00f71dd7cf8b7f73d476e48945f6 ' itemscope=\"itemscope\" itemtype=\"https:\/\/schema.org\/CreativeWork\" ><div class='avia_textblock' itemprop=\"text\" ><p style=\"text-align: justify;\">Apprenez Google Ads dans un cours sp\u00e9cifique adapt\u00e9 \u00e0 vos besoins. Vous d\u00e9couvrez non seulement les bases pour cr\u00e9er vos campagnes avec succ\u00e8s mais \u00e9galement comment optimiser vos campagnes existantes.<\/p>\n<p style=\"text-align: justify;\">Contactez-nous pour une date de cours de Google Ads ou rencontrez Lucia Yapi dans un des instituts de formation reconnus.<\/p>\n<h2 style=\"text-align: justify;\">Cours Google Ads chez l'Ecole Club Migros:<\/h2>\n<p>Un jour (8 le\u00e7ons) est consacr\u00e9 aux liens sponsoris\u00e9s avec Google Ads dans le cadre de la formation dipl\u00f4mante d&rsquo;Online Marketing Manager. En plus, des cours suivants sont propos\u00e9s aux lieux et horaires diff\u00e9rents:<\/p>\n<ul>\n<li>Reguli\u00e8rement \u00e0 Zurich: Google Ads Basics<\/li>\n<\/ul>\n<\/div><\/section>\n","protected":false},"excerpt":{"rendered":"","protected":false},"author":3,"featured_media":0,"parent":817,"menu_order":0,"comment_status":"closed","ping_status":"closed","template":"","meta":{"_acf_changed":false,"footnotes":""},"class_list":["post-819","page","type-page","status-publish","hentry"],"yoast_head":"<!-- This site is optimized with the Yoast SEO plugin v27.5 - https:\/\/yoast.com\/product\/yoast-seo-wordpress\/ -->\n<title>Cours Google Ads - SEM pour les PME avec Lucia Yapi<\/title>\n<meta name=\"description\" content=\"Apprenez Google Ads dans un cours sp\u00e9cifique adapt\u00e9 \u00e0 vos besoins. Vous d\u00e9couvrez comment cr\u00e9er et optimiser vos campagnes avec succ\u00e8s.\" \/>\n<meta name=\"robots\" content=\"index, follow, max-snippet:-1, max-image-preview:large, max-video-preview:-1\" \/>\n<link rel=\"canonical\" href=\"https:\/\/www.yapiweb.ch\/schulungen\/google-ads-kurse\/\" \/>\n<meta property=\"og:locale\" content=\"fr_FR\" \/>\n<meta property=\"og:type\" content=\"article\" \/>\n<meta property=\"og:title\" content=\"Cours Google Ads - SEM pour les PME avec Lucia Yapi\" \/>\n<meta property=\"og:description\" content=\"Apprenez Google Ads dans un cours sp\u00e9cifique adapt\u00e9 \u00e0 vos besoins. Vous d\u00e9couvrez comment cr\u00e9er et optimiser vos campagnes avec succ\u00e8s.\" \/>\n<meta property=\"og:url\" content=\"https:\/\/www.yapiweb.ch\/schulungen\/google-ads-kurse\/\" \/>\n<meta property=\"og:site_name\" content=\"Yapi Web\" \/>\n<meta property=\"article:modified_time\" content=\"2024-03-22T14:54:42+00:00\" \/>\n<meta name=\"twitter:card\" content=\"summary_large_image\" \/>\n<meta name=\"twitter:label1\" content=\"Dur\u00e9e de lecture estim\u00e9e\" \/>\n\t<meta name=\"twitter:data1\" content=\"1 minute\" \/>\n<script type=\"application\/ld+json\" class=\"yoast-schema-graph\">{\"@context\":\"https:\\\/\\\/schema.org\",\"@graph\":[{\"@type\":\"WebPage\",\"@id\":\"https:\\\/\\\/www.yapiweb.ch\\\/schulungen\\\/google-ads-kurse\\\/\",\"url\":\"https:\\\/\\\/www.yapiweb.ch\\\/schulungen\\\/google-ads-kurse\\\/\",\"name\":\"Cours Google Ads - SEM pour les PME avec Lucia Yapi\",\"isPartOf\":{\"@id\":\"https:\\\/\\\/www.yapiweb.ch\\\/#website\"},\"datePublished\":\"2013-02-05T21:40:48+00:00\",\"dateModified\":\"2024-03-22T14:54:42+00:00\",\"description\":\"Apprenez Google Ads dans un cours sp\u00e9cifique adapt\u00e9 \u00e0 vos besoins. Vous d\u00e9couvrez comment cr\u00e9er et optimiser vos campagnes avec succ\u00e8s.\",\"breadcrumb\":{\"@id\":\"https:\\\/\\\/www.yapiweb.ch\\\/schulungen\\\/google-ads-kurse\\\/#breadcrumb\"},\"inLanguage\":\"fr-FR\",\"potentialAction\":[{\"@type\":\"ReadAction\",\"target\":[\"https:\\\/\\\/www.yapiweb.ch\\\/schulungen\\\/google-ads-kurse\\\/\"]}]},{\"@type\":\"BreadcrumbList\",\"@id\":\"https:\\\/\\\/www.yapiweb.ch\\\/schulungen\\\/google-ads-kurse\\\/#breadcrumb\",\"itemListElement\":[{\"@type\":\"ListItem\",\"position\":1,\"name\":\"Startseite\",\"item\":\"https:\\\/\\\/www.yapiweb.ch\\\/fr\\\/\"},{\"@type\":\"ListItem\",\"position\":2,\"name\":\"Formations\",\"item\":\"https:\\\/\\\/www.yapiweb.ch\\\/fr\\\/formations\\\/\"},{\"@type\":\"ListItem\",\"position\":3,\"name\":\"Cours Google Ads\"}]},{\"@type\":\"WebSite\",\"@id\":\"https:\\\/\\\/www.yapiweb.ch\\\/#website\",\"url\":\"https:\\\/\\\/www.yapiweb.ch\\\/\",\"name\":\"Yapi Web\",\"description\":\"Your Accurate Professional !\",\"publisher\":{\"@id\":\"https:\\\/\\\/www.yapiweb.ch\\\/#organization\"},\"potentialAction\":[{\"@type\":\"SearchAction\",\"target\":{\"@type\":\"EntryPoint\",\"urlTemplate\":\"https:\\\/\\\/www.yapiweb.ch\\\/?s={search_term_string}\"},\"query-input\":{\"@type\":\"PropertyValueSpecification\",\"valueRequired\":true,\"valueName\":\"search_term_string\"}}],\"inLanguage\":\"fr-FR\"},{\"@type\":\"Organization\",\"@id\":\"https:\\\/\\\/www.yapiweb.ch\\\/#organization\",\"name\":\"Yapi Web\",\"url\":\"https:\\\/\\\/www.yapiweb.ch\\\/\",\"logo\":{\"@type\":\"ImageObject\",\"inLanguage\":\"fr-FR\",\"@id\":\"https:\\\/\\\/www.yapiweb.ch\\\/#\\\/schema\\\/logo\\\/image\\\/\",\"url\":\"https:\\\/\\\/www.yapiweb.ch\\\/wp-content\\\/uploads\\\/Yapi-Web-Logo.png\",\"contentUrl\":\"https:\\\/\\\/www.yapiweb.ch\\\/wp-content\\\/uploads\\\/Yapi-Web-Logo.png\",\"width\":846,\"height\":399,\"caption\":\"Yapi Web\"},\"image\":{\"@id\":\"https:\\\/\\\/www.yapiweb.ch\\\/#\\\/schema\\\/logo\\\/image\\\/\"}}]}<\/script>\n<!-- \/ Yoast SEO plugin. -->","yoast_head_json":{"title":"Cours Google Ads - SEM pour les PME avec Lucia Yapi","description":"Apprenez Google Ads dans un cours sp\u00e9cifique adapt\u00e9 \u00e0 vos besoins. Vous d\u00e9couvrez comment cr\u00e9er et optimiser vos campagnes avec succ\u00e8s.","robots":{"index":"index","follow":"follow","max-snippet":"max-snippet:-1","max-image-preview":"max-image-preview:large","max-video-preview":"max-video-preview:-1"},"canonical":"https:\/\/www.yapiweb.ch\/schulungen\/google-ads-kurse\/","og_locale":"fr_FR","og_type":"article","og_title":"Cours Google Ads - SEM pour les PME avec Lucia Yapi","og_description":"Apprenez Google Ads dans un cours sp\u00e9cifique adapt\u00e9 \u00e0 vos besoins. Vous d\u00e9couvrez comment cr\u00e9er et optimiser vos campagnes avec succ\u00e8s.","og_url":"https:\/\/www.yapiweb.ch\/schulungen\/google-ads-kurse\/","og_site_name":"Yapi Web","article_modified_time":"2024-03-22T14:54:42+00:00","twitter_card":"summary_large_image","twitter_misc":{"Dur\u00e9e de lecture estim\u00e9e":"1 minute"},"schema":{"@context":"https:\/\/schema.org","@graph":[{"@type":"WebPage","@id":"https:\/\/www.yapiweb.ch\/schulungen\/google-ads-kurse\/","url":"https:\/\/www.yapiweb.ch\/schulungen\/google-ads-kurse\/","name":"Cours Google Ads - SEM pour les PME avec Lucia Yapi","isPartOf":{"@id":"https:\/\/www.yapiweb.ch\/#website"},"datePublished":"2013-02-05T21:40:48+00:00","dateModified":"2024-03-22T14:54:42+00:00","description":"Apprenez Google Ads dans un cours sp\u00e9cifique adapt\u00e9 \u00e0 vos besoins. Vous d\u00e9couvrez comment cr\u00e9er et optimiser vos campagnes avec succ\u00e8s.","breadcrumb":{"@id":"https:\/\/www.yapiweb.ch\/schulungen\/google-ads-kurse\/#breadcrumb"},"inLanguage":"fr-FR","potentialAction":[{"@type":"ReadAction","target":["https:\/\/www.yapiweb.ch\/schulungen\/google-ads-kurse\/"]}]},{"@type":"BreadcrumbList","@id":"https:\/\/www.yapiweb.ch\/schulungen\/google-ads-kurse\/#breadcrumb","itemListElement":[{"@type":"ListItem","position":1,"name":"Startseite","item":"https:\/\/www.yapiweb.ch\/fr\/"},{"@type":"ListItem","position":2,"name":"Formations","item":"https:\/\/www.yapiweb.ch\/fr\/formations\/"},{"@type":"ListItem","position":3,"name":"Cours Google Ads"}]},{"@type":"WebSite","@id":"https:\/\/www.yapiweb.ch\/#website","url":"https:\/\/www.yapiweb.ch\/","name":"Yapi Web","description":"Your Accurate Professional !","publisher":{"@id":"https:\/\/www.yapiweb.ch\/#organization"},"potentialAction":[{"@type":"SearchAction","target":{"@type":"EntryPoint","urlTemplate":"https:\/\/www.yapiweb.ch\/?s={search_term_string}"},"query-input":{"@type":"PropertyValueSpecification","valueRequired":true,"valueName":"search_term_string"}}],"inLanguage":"fr-FR"},{"@type":"Organization","@id":"https:\/\/www.yapiweb.ch\/#organization","name":"Yapi Web","url":"https:\/\/www.yapiweb.ch\/","logo":{"@type":"ImageObject","inLanguage":"fr-FR","@id":"https:\/\/www.yapiweb.ch\/#\/schema\/logo\/image\/","url":"https:\/\/www.yapiweb.ch\/wp-content\/uploads\/Yapi-Web-Logo.png","contentUrl":"https:\/\/www.yapiweb.ch\/wp-content\/uploads\/Yapi-Web-Logo.png","width":846,"height":399,"caption":"Yapi Web"},"image":{"@id":"https:\/\/www.yapiweb.ch\/#\/schema\/logo\/image\/"}}]}},"acf":[],"_links":{"self":[{"href":"https:\/\/www.yapiweb.ch\/fr\/wp-json\/wp\/v2\/pages\/819","targetHints":{"allow":["GET"]}}],"collection":[{"href":"https:\/\/www.yapiweb.ch\/fr\/wp-json\/wp\/v2\/pages"}],"about":[{"href":"https:\/\/www.yapiweb.ch\/fr\/wp-json\/wp\/v2\/types\/page"}],"author":[{"embeddable":true,"href":"https:\/\/www.yapiweb.ch\/fr\/wp-json\/wp\/v2\/users\/3"}],"replies":[{"embeddable":true,"href":"https:\/\/www.yapiweb.ch\/fr\/wp-json\/wp\/v2\/comments?post=819"}],"version-history":[{"count":10,"href":"https:\/\/www.yapiweb.ch\/fr\/wp-json\/wp\/v2\/pages\/819\/revisions"}],"predecessor-version":[{"id":4575,"href":"https:\/\/www.yapiweb.ch\/fr\/wp-json\/wp\/v2\/pages\/819\/revisions\/4575"}],"up":[{"embeddable":true,"href":"https:\/\/www.yapiweb.ch\/fr\/wp-json\/wp\/v2\/pages\/817"}],"wp:attachment":[{"href":"https:\/\/www.yapiweb.ch\/fr\/wp-json\/wp\/v2\/media?parent=819"}],"curies":[{"name":"wp","href":"https:\/\/api.w.org\/{rel}","templated":true}]}}