{"id":809,"date":"2013-02-05T23:39:52","date_gmt":"2013-02-05T21:39:52","guid":{"rendered":"http:\/\/www.yapiweb.ch\/analyse-seo\/"},"modified":"2018-09-07T19:39:49","modified_gmt":"2018-09-07T17:39:49","slug":"analyse-seo","status":"publish","type":"page","link":"https:\/\/www.yapiweb.ch\/fr\/referencement-naturel\/analyse-seo\/","title":{"rendered":"Analyse SEO"},"content":{"rendered":"<section class='av_textblock_section av-jls7c4wr-2a39b9150b4c1e6ae48f3f9afee45bfb ' itemscope=\"itemscope\" itemtype=\"https:\/\/schema.org\/CreativeWork\" ><div class='avia_textblock' itemprop=\"text\" ><p style=\"text-align: justify;\">Afin d'am\u00e9liorer la pr\u00e9sence de votre site dans les r\u00e9sultats de recherche, nous menons d'abord une analyse SEO globale. Pour cela, nous utilisons des programmes professionnels ainsi que vos donn\u00e9es provenant des outils comme Google Analytics et Google Search Console. Si n\u00e9cessaire nous pouvons vous assister pour leur activation et impl\u00e9mentation.<\/p>\n<h2 style=\"text-align: justify;\">Analyse des mots-cl\u00e9s:<\/h2>\n<p style=\"text-align: justify;\">Un site web doit \u00eatre cr\u00e9e d'une mani\u00e8re attirante pour votre groupe cible. Il est important de conna\u00eetre et utiliser les bons termes. En premi\u00e8re partie de notre analyse SEO nous examinons ensemble quels mots-cl\u00e9s d\u00e9crivent le mieux vos offres et services. Puis nous d\u00e9terminons quels mots-cl\u00e9s permettent \u00e0 votre site web d'\u00eatre pr\u00e9sent dans les r\u00e9sultats de recherche.<\/p>\n<h2 style=\"text-align: justify;\">Analyse SEO centr\u00e9e-site:<\/h2>\n<p style=\"text-align: justify;\">Enfin, nous \u00e9valuons si et comment ces mots-cl\u00e9s sont pr\u00e9sents techniquement et contextuellement dans votre site web, donc on-page. En se basant sur ces r\u00e9sultats nous \u00e9laborons des propositions pour l'optimisation du <a title=\"R\u00e9f\u00e9rencement naturel\" href=\"http:\/\/www.yapiweb.ch\/fr\/referencement-naturel\/\">r\u00e9f\u00e9rencement naturel<\/a> de votre site web. Nous \u00e9laborons aussi des conseils d&rsquo;am\u00e9lioration concernant le contenu et la <a href=\"https:\/\/www.yapiweb.ch\/fr\/marketing-entrant\/facilite-d-utilisation\/\">facilit\u00e9 d&rsquo;utilisation<\/a>.<\/p>\n<h2 style=\"text-align: justify;\">Analyse SEO hors-site:<\/h2>\n<p style=\"text-align: justify;\">Non seulement les \u00e9l\u00e9ments sur votre site web influencent sa pr\u00e9sence sur les moteurs de recherche mais \u00e9galement le nombre et la qualit\u00e9 des liens qui s'y dirigent. Nous vous donnons une vue d'ensemble de l'\u00e9tat actuel off-page ainsi que les possibilit\u00e9s de cr\u00e9ation de liens adapt\u00e9s.<\/p>\n<h2>15 outils pratiques:<\/h2>\n<p>Le 29. ao\u00fbt 2018 Lucia Yapi pr\u00e9sentait au salon Suisse Emex 15 outils SEO gratuits qui aident \u00e0 analyser et optimiser un site web.<\/p>\n<div class=\"responsiv-embed-container\"><iframe src=\"https:\/\/www.youtube.com\/embed\/AyIhx2qsalk?rel=0\" width=\"100%\" frameborder=\"0\" allowfullscreen=\"allowfullscreen\"><\/iframe><\/div>\n<\/div><\/section>\n","protected":false},"excerpt":{"rendered":"","protected":false},"author":3,"featured_media":0,"parent":805,"menu_order":0,"comment_status":"closed","ping_status":"closed","template":"","meta":{"_acf_changed":false,"footnotes":""},"class_list":["post-809","page","type-page","status-publish","hentry"],"yoast_head":"<!-- This site is optimized with the Yoast SEO plugin v27.5 - https:\/\/yoast.com\/product\/yoast-seo-wordpress\/ -->\n<title>Analyse SEO - SEM pour les PME avec Yapi Web<\/title>\n<meta name=\"description\" content=\"SEO-Analyse mit Yapi Web: Verstehen und verbessern Sie die Pr\u00e4senz Ihrer Webseite auf Suchmaschinen.\" \/>\n<meta name=\"robots\" content=\"index, follow, max-snippet:-1, max-image-preview:large, max-video-preview:-1\" \/>\n<link rel=\"canonical\" href=\"https:\/\/www.yapiweb.ch\/fr\/referencement-naturel\/analyse-seo\/\" \/>\n<meta property=\"og:locale\" content=\"fr_FR\" \/>\n<meta property=\"og:type\" content=\"article\" \/>\n<meta property=\"og:title\" content=\"Analyse SEO - SEM pour les PME avec Yapi Web\" \/>\n<meta property=\"og:description\" content=\"SEO-Analyse mit Yapi Web: Verstehen und verbessern Sie die Pr\u00e4senz Ihrer Webseite auf Suchmaschinen.\" \/>\n<meta property=\"og:url\" content=\"https:\/\/www.yapiweb.ch\/fr\/referencement-naturel\/analyse-seo\/\" \/>\n<meta property=\"og:site_name\" content=\"Yapi Web\" \/>\n<meta property=\"article:modified_time\" content=\"2018-09-07T17:39:49+00:00\" \/>\n<meta name=\"twitter:card\" content=\"summary_large_image\" \/>\n<meta name=\"twitter:label1\" content=\"Dur\u00e9e de lecture estim\u00e9e\" \/>\n\t<meta name=\"twitter:data1\" content=\"2 minutes\" \/>\n<script type=\"application\/ld+json\" class=\"yoast-schema-graph\">{\"@context\":\"https:\\\/\\\/schema.org\",\"@graph\":[{\"@type\":\"WebPage\",\"@id\":\"https:\\\/\\\/www.yapiweb.ch\\\/fr\\\/referencement-naturel\\\/analyse-seo\\\/\",\"url\":\"https:\\\/\\\/www.yapiweb.ch\\\/fr\\\/referencement-naturel\\\/analyse-seo\\\/\",\"name\":\"Analyse SEO - SEM pour les PME avec Yapi Web\",\"isPartOf\":{\"@id\":\"https:\\\/\\\/www.yapiweb.ch\\\/#website\"},\"datePublished\":\"2013-02-05T21:39:52+00:00\",\"dateModified\":\"2018-09-07T17:39:49+00:00\",\"description\":\"SEO-Analyse mit Yapi Web: Verstehen und verbessern Sie die Pr\u00e4senz Ihrer Webseite auf Suchmaschinen.\",\"breadcrumb\":{\"@id\":\"https:\\\/\\\/www.yapiweb.ch\\\/fr\\\/referencement-naturel\\\/analyse-seo\\\/#breadcrumb\"},\"inLanguage\":\"fr-FR\",\"potentialAction\":[{\"@type\":\"ReadAction\",\"target\":[\"https:\\\/\\\/www.yapiweb.ch\\\/fr\\\/referencement-naturel\\\/analyse-seo\\\/\"]}]},{\"@type\":\"BreadcrumbList\",\"@id\":\"https:\\\/\\\/www.yapiweb.ch\\\/fr\\\/referencement-naturel\\\/analyse-seo\\\/#breadcrumb\",\"itemListElement\":[{\"@type\":\"ListItem\",\"position\":1,\"name\":\"Startseite\",\"item\":\"https:\\\/\\\/www.yapiweb.ch\\\/fr\\\/\"},{\"@type\":\"ListItem\",\"position\":2,\"name\":\"R\u00e9f\u00e9rencement naturel\",\"item\":\"https:\\\/\\\/www.yapiweb.ch\\\/fr\\\/referencement-naturel\\\/\"},{\"@type\":\"ListItem\",\"position\":3,\"name\":\"Analyse SEO\"}]},{\"@type\":\"WebSite\",\"@id\":\"https:\\\/\\\/www.yapiweb.ch\\\/#website\",\"url\":\"https:\\\/\\\/www.yapiweb.ch\\\/\",\"name\":\"Yapi Web\",\"description\":\"Your Accurate Professional !\",\"publisher\":{\"@id\":\"https:\\\/\\\/www.yapiweb.ch\\\/#organization\"},\"potentialAction\":[{\"@type\":\"SearchAction\",\"target\":{\"@type\":\"EntryPoint\",\"urlTemplate\":\"https:\\\/\\\/www.yapiweb.ch\\\/?s={search_term_string}\"},\"query-input\":{\"@type\":\"PropertyValueSpecification\",\"valueRequired\":true,\"valueName\":\"search_term_string\"}}],\"inLanguage\":\"fr-FR\"},{\"@type\":\"Organization\",\"@id\":\"https:\\\/\\\/www.yapiweb.ch\\\/#organization\",\"name\":\"Yapi Web\",\"url\":\"https:\\\/\\\/www.yapiweb.ch\\\/\",\"logo\":{\"@type\":\"ImageObject\",\"inLanguage\":\"fr-FR\",\"@id\":\"https:\\\/\\\/www.yapiweb.ch\\\/#\\\/schema\\\/logo\\\/image\\\/\",\"url\":\"https:\\\/\\\/www.yapiweb.ch\\\/wp-content\\\/uploads\\\/Yapi-Web-Logo.png\",\"contentUrl\":\"https:\\\/\\\/www.yapiweb.ch\\\/wp-content\\\/uploads\\\/Yapi-Web-Logo.png\",\"width\":846,\"height\":399,\"caption\":\"Yapi Web\"},\"image\":{\"@id\":\"https:\\\/\\\/www.yapiweb.ch\\\/#\\\/schema\\\/logo\\\/image\\\/\"}}]}<\/script>\n<!-- \/ Yoast SEO plugin. -->","yoast_head_json":{"title":"Analyse SEO - SEM pour les PME avec Yapi Web","description":"SEO-Analyse mit Yapi Web: Verstehen und verbessern Sie die Pr\u00e4senz Ihrer Webseite auf Suchmaschinen.","robots":{"index":"index","follow":"follow","max-snippet":"max-snippet:-1","max-image-preview":"max-image-preview:large","max-video-preview":"max-video-preview:-1"},"canonical":"https:\/\/www.yapiweb.ch\/fr\/referencement-naturel\/analyse-seo\/","og_locale":"fr_FR","og_type":"article","og_title":"Analyse SEO - SEM pour les PME avec Yapi Web","og_description":"SEO-Analyse mit Yapi Web: Verstehen und verbessern Sie die Pr\u00e4senz Ihrer Webseite auf Suchmaschinen.","og_url":"https:\/\/www.yapiweb.ch\/fr\/referencement-naturel\/analyse-seo\/","og_site_name":"Yapi Web","article_modified_time":"2018-09-07T17:39:49+00:00","twitter_card":"summary_large_image","twitter_misc":{"Dur\u00e9e de lecture estim\u00e9e":"2 minutes"},"schema":{"@context":"https:\/\/schema.org","@graph":[{"@type":"WebPage","@id":"https:\/\/www.yapiweb.ch\/fr\/referencement-naturel\/analyse-seo\/","url":"https:\/\/www.yapiweb.ch\/fr\/referencement-naturel\/analyse-seo\/","name":"Analyse SEO - SEM pour les PME avec Yapi Web","isPartOf":{"@id":"https:\/\/www.yapiweb.ch\/#website"},"datePublished":"2013-02-05T21:39:52+00:00","dateModified":"2018-09-07T17:39:49+00:00","description":"SEO-Analyse mit Yapi Web: Verstehen und verbessern Sie die Pr\u00e4senz Ihrer Webseite auf Suchmaschinen.","breadcrumb":{"@id":"https:\/\/www.yapiweb.ch\/fr\/referencement-naturel\/analyse-seo\/#breadcrumb"},"inLanguage":"fr-FR","potentialAction":[{"@type":"ReadAction","target":["https:\/\/www.yapiweb.ch\/fr\/referencement-naturel\/analyse-seo\/"]}]},{"@type":"BreadcrumbList","@id":"https:\/\/www.yapiweb.ch\/fr\/referencement-naturel\/analyse-seo\/#breadcrumb","itemListElement":[{"@type":"ListItem","position":1,"name":"Startseite","item":"https:\/\/www.yapiweb.ch\/fr\/"},{"@type":"ListItem","position":2,"name":"R\u00e9f\u00e9rencement naturel","item":"https:\/\/www.yapiweb.ch\/fr\/referencement-naturel\/"},{"@type":"ListItem","position":3,"name":"Analyse SEO"}]},{"@type":"WebSite","@id":"https:\/\/www.yapiweb.ch\/#website","url":"https:\/\/www.yapiweb.ch\/","name":"Yapi Web","description":"Your Accurate Professional !","publisher":{"@id":"https:\/\/www.yapiweb.ch\/#organization"},"potentialAction":[{"@type":"SearchAction","target":{"@type":"EntryPoint","urlTemplate":"https:\/\/www.yapiweb.ch\/?s={search_term_string}"},"query-input":{"@type":"PropertyValueSpecification","valueRequired":true,"valueName":"search_term_string"}}],"inLanguage":"fr-FR"},{"@type":"Organization","@id":"https:\/\/www.yapiweb.ch\/#organization","name":"Yapi Web","url":"https:\/\/www.yapiweb.ch\/","logo":{"@type":"ImageObject","inLanguage":"fr-FR","@id":"https:\/\/www.yapiweb.ch\/#\/schema\/logo\/image\/","url":"https:\/\/www.yapiweb.ch\/wp-content\/uploads\/Yapi-Web-Logo.png","contentUrl":"https:\/\/www.yapiweb.ch\/wp-content\/uploads\/Yapi-Web-Logo.png","width":846,"height":399,"caption":"Yapi Web"},"image":{"@id":"https:\/\/www.yapiweb.ch\/#\/schema\/logo\/image\/"}}]}},"acf":[],"_links":{"self":[{"href":"https:\/\/www.yapiweb.ch\/fr\/wp-json\/wp\/v2\/pages\/809","targetHints":{"allow":["GET"]}}],"collection":[{"href":"https:\/\/www.yapiweb.ch\/fr\/wp-json\/wp\/v2\/pages"}],"about":[{"href":"https:\/\/www.yapiweb.ch\/fr\/wp-json\/wp\/v2\/types\/page"}],"author":[{"embeddable":true,"href":"https:\/\/www.yapiweb.ch\/fr\/wp-json\/wp\/v2\/users\/3"}],"replies":[{"embeddable":true,"href":"https:\/\/www.yapiweb.ch\/fr\/wp-json\/wp\/v2\/comments?post=809"}],"version-history":[{"count":7,"href":"https:\/\/www.yapiweb.ch\/fr\/wp-json\/wp\/v2\/pages\/809\/revisions"}],"predecessor-version":[{"id":2846,"href":"https:\/\/www.yapiweb.ch\/fr\/wp-json\/wp\/v2\/pages\/809\/revisions\/2846"}],"up":[{"embeddable":true,"href":"https:\/\/www.yapiweb.ch\/fr\/wp-json\/wp\/v2\/pages\/805"}],"wp:attachment":[{"href":"https:\/\/www.yapiweb.ch\/fr\/wp-json\/wp\/v2\/media?parent=809"}],"curies":[{"name":"wp","href":"https:\/\/api.w.org\/{rel}","templated":true}]}}