{"id":807,"date":"2013-02-05T23:39:36","date_gmt":"2013-02-05T21:39:36","guid":{"rendered":"http:\/\/www.yapiweb.ch\/conseil-seo\/"},"modified":"2018-05-03T11:09:40","modified_gmt":"2018-05-03T09:09:40","slug":"conseil-seo","status":"publish","type":"page","link":"https:\/\/www.yapiweb.ch\/fr\/referencement-naturel\/conseil-seo\/","title":{"rendered":"Conseil SEO"},"content":{"rendered":"<section class='av_textblock_section av-jgqb7e0e-9506be39dab9fb89081aa5c3d1f2419a ' itemscope=\"itemscope\" itemtype=\"https:\/\/schema.org\/CreativeWork\" ><div class='avia_textblock' itemprop=\"text\" ><p style=\"text-align: justify;\">Les mesures cl\u00e9s de l'optimisation pour les moteurs de recherche concernent la programmation, le contenu et les liens du site web. Une bonne pr\u00e9sence web:<\/p>\n<ul>\n<li>est programm\u00e9e techniquement sans faute et d'une mani\u00e8re lisible pour les moteurs de recherche<\/li>\n<li>contient sur chaque site des informations uniques et actuelles<\/li>\n<li>poss\u00e8de beaucoup de liens de haute qualit\u00e9 venant d'autres sites web<\/li>\n<\/ul>\n<h2 style=\"text-align: justify;\">Conseil SEO de Yapi Web:<\/h2>\n<p style=\"text-align: justify;\">Nous vous conseillons pour am\u00e9liorer le positionnement de votre site web dans les r\u00e9sultats de recherche. Cela inclut l'<a title=\"Analyse SEO\" href=\"http:\/\/www.yapiweb.ch\/fr\/referencement-naturel\/analyse-seo\/\">analyse SEO<\/a> globale de votre site web selon les crit\u00e8res les plus importants du r\u00e9f\u00e9rencement naturel. En se basant sur cette \u00e9valuation, nous \u00e9laborons des mesures concr\u00e8tes pour l'optimisation de votre pr\u00e9sence.<\/p>\n<p style=\"text-align: justify;\">Visitez nos <a title=\"Cours SEO\" href=\"http:\/\/www.yapiweb.ch\/fr\/formations\/cours-seo\/\">cours SEO<\/a> afin d'apprendre la d\u00e9marche et de pouvoir la mettre en place vous-m\u00eame.<\/p>\n<div class=\"responsiv-embed-container\"><iframe src=\"https:\/\/www.youtube.com\/embed\/8OEouJGK6VI?rel=0\" width=\"100%\" height=\"150\" frameborder=\"0\" allowfullscreen=\"allowfullscreen\"><\/iframe><\/div>\n<\/div><\/section>\n","protected":false},"excerpt":{"rendered":"","protected":false},"author":3,"featured_media":0,"parent":805,"menu_order":0,"comment_status":"closed","ping_status":"closed","template":"","meta":{"_acf_changed":false,"footnotes":""},"class_list":["post-807","page","type-page","status-publish","hentry"],"yoast_head":"<!-- This site is optimized with the Yoast SEO plugin v27.1.1 - https:\/\/yoast.com\/product\/yoast-seo-wordpress\/ -->\n<title>Conseil SEO - SEM pour les PME avec Yapi Web<\/title>\n<meta name=\"description\" content=\"Beratung zur Suchmaschinenoptimierung mit Yapi Web: Verbessern Sie durch gutes Search Engine Optimization (SEO) Ihre Pr\u00e4senz auf Suchmaschinen.\" \/>\n<meta name=\"robots\" content=\"index, follow, max-snippet:-1, max-image-preview:large, max-video-preview:-1\" \/>\n<link rel=\"canonical\" href=\"https:\/\/www.yapiweb.ch\/fr\/referencement-naturel\/conseil-seo\/\" \/>\n<meta property=\"og:locale\" content=\"fr_FR\" \/>\n<meta property=\"og:type\" content=\"article\" \/>\n<meta property=\"og:title\" content=\"Conseil SEO - SEM pour les PME avec Yapi Web\" \/>\n<meta property=\"og:description\" content=\"Beratung zur Suchmaschinenoptimierung mit Yapi Web: Verbessern Sie durch gutes Search Engine Optimization (SEO) Ihre Pr\u00e4senz auf Suchmaschinen.\" \/>\n<meta property=\"og:url\" content=\"https:\/\/www.yapiweb.ch\/fr\/referencement-naturel\/conseil-seo\/\" \/>\n<meta property=\"og:site_name\" content=\"Yapi Web\" \/>\n<meta property=\"article:modified_time\" content=\"2018-05-03T09:09:40+00:00\" \/>\n<meta name=\"twitter:card\" content=\"summary_large_image\" \/>\n<meta name=\"twitter:label1\" content=\"Dur\u00e9e de lecture estim\u00e9e\" \/>\n\t<meta name=\"twitter:data1\" content=\"1 minute\" \/>\n<script type=\"application\/ld+json\" class=\"yoast-schema-graph\">{\"@context\":\"https:\/\/schema.org\",\"@graph\":[{\"@type\":\"WebPage\",\"@id\":\"https:\/\/www.yapiweb.ch\/fr\/referencement-naturel\/conseil-seo\/\",\"url\":\"https:\/\/www.yapiweb.ch\/fr\/referencement-naturel\/conseil-seo\/\",\"name\":\"Conseil SEO - SEM pour les PME avec Yapi Web\",\"isPartOf\":{\"@id\":\"https:\/\/www.yapiweb.ch\/#website\"},\"datePublished\":\"2013-02-05T21:39:36+00:00\",\"dateModified\":\"2018-05-03T09:09:40+00:00\",\"description\":\"Beratung zur Suchmaschinenoptimierung mit Yapi Web: Verbessern Sie durch gutes Search Engine Optimization (SEO) Ihre Pr\u00e4senz auf Suchmaschinen.\",\"breadcrumb\":{\"@id\":\"https:\/\/www.yapiweb.ch\/fr\/referencement-naturel\/conseil-seo\/#breadcrumb\"},\"inLanguage\":\"fr-FR\",\"potentialAction\":[{\"@type\":\"ReadAction\",\"target\":[\"https:\/\/www.yapiweb.ch\/fr\/referencement-naturel\/conseil-seo\/\"]}]},{\"@type\":\"BreadcrumbList\",\"@id\":\"https:\/\/www.yapiweb.ch\/fr\/referencement-naturel\/conseil-seo\/#breadcrumb\",\"itemListElement\":[{\"@type\":\"ListItem\",\"position\":1,\"name\":\"Startseite\",\"item\":\"https:\/\/www.yapiweb.ch\/fr\/\"},{\"@type\":\"ListItem\",\"position\":2,\"name\":\"R\u00e9f\u00e9rencement naturel\",\"item\":\"https:\/\/www.yapiweb.ch\/fr\/referencement-naturel\/\"},{\"@type\":\"ListItem\",\"position\":3,\"name\":\"Conseil SEO\"}]},{\"@type\":\"WebSite\",\"@id\":\"https:\/\/www.yapiweb.ch\/#website\",\"url\":\"https:\/\/www.yapiweb.ch\/\",\"name\":\"Yapi Web\",\"description\":\"Your Accurate Professional !\",\"publisher\":{\"@id\":\"https:\/\/www.yapiweb.ch\/#organization\"},\"potentialAction\":[{\"@type\":\"SearchAction\",\"target\":{\"@type\":\"EntryPoint\",\"urlTemplate\":\"https:\/\/www.yapiweb.ch\/?s={search_term_string}\"},\"query-input\":{\"@type\":\"PropertyValueSpecification\",\"valueRequired\":true,\"valueName\":\"search_term_string\"}}],\"inLanguage\":\"fr-FR\"},{\"@type\":\"Organization\",\"@id\":\"https:\/\/www.yapiweb.ch\/#organization\",\"name\":\"Yapi Web\",\"url\":\"https:\/\/www.yapiweb.ch\/\",\"logo\":{\"@type\":\"ImageObject\",\"inLanguage\":\"fr-FR\",\"@id\":\"https:\/\/www.yapiweb.ch\/#\/schema\/logo\/image\/\",\"url\":\"https:\/\/www.yapiweb.ch\/wp-content\/uploads\/Yapi-Web-Logo.png\",\"contentUrl\":\"https:\/\/www.yapiweb.ch\/wp-content\/uploads\/Yapi-Web-Logo.png\",\"width\":846,\"height\":399,\"caption\":\"Yapi Web\"},\"image\":{\"@id\":\"https:\/\/www.yapiweb.ch\/#\/schema\/logo\/image\/\"}}]}<\/script>\n<!-- \/ Yoast SEO plugin. -->","yoast_head_json":{"title":"Conseil SEO - SEM pour les PME avec Yapi Web","description":"Beratung zur Suchmaschinenoptimierung mit Yapi Web: Verbessern Sie durch gutes Search Engine Optimization (SEO) Ihre Pr\u00e4senz auf Suchmaschinen.","robots":{"index":"index","follow":"follow","max-snippet":"max-snippet:-1","max-image-preview":"max-image-preview:large","max-video-preview":"max-video-preview:-1"},"canonical":"https:\/\/www.yapiweb.ch\/fr\/referencement-naturel\/conseil-seo\/","og_locale":"fr_FR","og_type":"article","og_title":"Conseil SEO - SEM pour les PME avec Yapi Web","og_description":"Beratung zur Suchmaschinenoptimierung mit Yapi Web: Verbessern Sie durch gutes Search Engine Optimization (SEO) Ihre Pr\u00e4senz auf Suchmaschinen.","og_url":"https:\/\/www.yapiweb.ch\/fr\/referencement-naturel\/conseil-seo\/","og_site_name":"Yapi Web","article_modified_time":"2018-05-03T09:09:40+00:00","twitter_card":"summary_large_image","twitter_misc":{"Dur\u00e9e de lecture estim\u00e9e":"1 minute"},"schema":{"@context":"https:\/\/schema.org","@graph":[{"@type":"WebPage","@id":"https:\/\/www.yapiweb.ch\/fr\/referencement-naturel\/conseil-seo\/","url":"https:\/\/www.yapiweb.ch\/fr\/referencement-naturel\/conseil-seo\/","name":"Conseil SEO - SEM pour les PME avec Yapi Web","isPartOf":{"@id":"https:\/\/www.yapiweb.ch\/#website"},"datePublished":"2013-02-05T21:39:36+00:00","dateModified":"2018-05-03T09:09:40+00:00","description":"Beratung zur Suchmaschinenoptimierung mit Yapi Web: Verbessern Sie durch gutes Search Engine Optimization (SEO) Ihre Pr\u00e4senz auf Suchmaschinen.","breadcrumb":{"@id":"https:\/\/www.yapiweb.ch\/fr\/referencement-naturel\/conseil-seo\/#breadcrumb"},"inLanguage":"fr-FR","potentialAction":[{"@type":"ReadAction","target":["https:\/\/www.yapiweb.ch\/fr\/referencement-naturel\/conseil-seo\/"]}]},{"@type":"BreadcrumbList","@id":"https:\/\/www.yapiweb.ch\/fr\/referencement-naturel\/conseil-seo\/#breadcrumb","itemListElement":[{"@type":"ListItem","position":1,"name":"Startseite","item":"https:\/\/www.yapiweb.ch\/fr\/"},{"@type":"ListItem","position":2,"name":"R\u00e9f\u00e9rencement naturel","item":"https:\/\/www.yapiweb.ch\/fr\/referencement-naturel\/"},{"@type":"ListItem","position":3,"name":"Conseil SEO"}]},{"@type":"WebSite","@id":"https:\/\/www.yapiweb.ch\/#website","url":"https:\/\/www.yapiweb.ch\/","name":"Yapi Web","description":"Your Accurate Professional !","publisher":{"@id":"https:\/\/www.yapiweb.ch\/#organization"},"potentialAction":[{"@type":"SearchAction","target":{"@type":"EntryPoint","urlTemplate":"https:\/\/www.yapiweb.ch\/?s={search_term_string}"},"query-input":{"@type":"PropertyValueSpecification","valueRequired":true,"valueName":"search_term_string"}}],"inLanguage":"fr-FR"},{"@type":"Organization","@id":"https:\/\/www.yapiweb.ch\/#organization","name":"Yapi Web","url":"https:\/\/www.yapiweb.ch\/","logo":{"@type":"ImageObject","inLanguage":"fr-FR","@id":"https:\/\/www.yapiweb.ch\/#\/schema\/logo\/image\/","url":"https:\/\/www.yapiweb.ch\/wp-content\/uploads\/Yapi-Web-Logo.png","contentUrl":"https:\/\/www.yapiweb.ch\/wp-content\/uploads\/Yapi-Web-Logo.png","width":846,"height":399,"caption":"Yapi Web"},"image":{"@id":"https:\/\/www.yapiweb.ch\/#\/schema\/logo\/image\/"}}]}},"acf":[],"_links":{"self":[{"href":"https:\/\/www.yapiweb.ch\/fr\/wp-json\/wp\/v2\/pages\/807","targetHints":{"allow":["GET"]}}],"collection":[{"href":"https:\/\/www.yapiweb.ch\/fr\/wp-json\/wp\/v2\/pages"}],"about":[{"href":"https:\/\/www.yapiweb.ch\/fr\/wp-json\/wp\/v2\/types\/page"}],"author":[{"embeddable":true,"href":"https:\/\/www.yapiweb.ch\/fr\/wp-json\/wp\/v2\/users\/3"}],"replies":[{"embeddable":true,"href":"https:\/\/www.yapiweb.ch\/fr\/wp-json\/wp\/v2\/comments?post=807"}],"version-history":[{"count":4,"href":"https:\/\/www.yapiweb.ch\/fr\/wp-json\/wp\/v2\/pages\/807\/revisions"}],"predecessor-version":[{"id":2518,"href":"https:\/\/www.yapiweb.ch\/fr\/wp-json\/wp\/v2\/pages\/807\/revisions\/2518"}],"up":[{"embeddable":true,"href":"https:\/\/www.yapiweb.ch\/fr\/wp-json\/wp\/v2\/pages\/805"}],"wp:attachment":[{"href":"https:\/\/www.yapiweb.ch\/fr\/wp-json\/wp\/v2\/media?parent=807"}],"curies":[{"name":"wp","href":"https:\/\/api.w.org\/{rel}","templated":true}]}}