{"id":801,"date":"2013-02-05T23:38:57","date_gmt":"2013-02-05T21:38:57","guid":{"rendered":"http:\/\/www.yapiweb.ch\/google-adwords-fr\/"},"modified":"2025-04-24T08:57:43","modified_gmt":"2025-04-24T06:57:43","slug":"google-adwords-fr","status":"publish","type":"page","link":"https:\/\/www.yapiweb.ch\/fr\/liens-sponsorises\/google-adwords-fr\/","title":{"rendered":"Google AdWords (fr)"},"content":{"rendered":"<p style=\"text-align: justify;\">AdWords est le programme publicitaire de Google. Il vous permet de placer pour certains termes de recherche des liens sponsoris\u00e9s sur Google et dans son r\u00e9seau partenaire contenant de nombreux sites web.<\/p>\n<h2 style=\"text-align: justify;\">Atteignez vos objectifs AdWords:<\/h2>\n<p style=\"text-align: justify;\">La connaissance de vos objectifs vous permet de d\u00e9finir et de mettre en place les moyens qui vous conduiront au succ\u00e8s. Votre but d\u00e9termine non seulement la structure de vos <a title=\"Campagnes AdWords\" href=\"https:\/\/www.yapiweb.ch\/fr\/liens-sponsorises\/campagnes-adwords\/\">campagnes AdWords<\/a> mais aussi la s\u00e9lection, la formulation et le param\u00e9trage des mots-cl\u00e9s et des annonces.<\/p>\n<h2 style=\"text-align: justify;\">Mise en place avec succ\u00e8s:<\/h2>\n<p style=\"text-align: justify;\">Les campagnes AdWords performantes poss\u00e8dent une structure ing\u00e9nieuse qui refl\u00e8te votre objectif et suivent les bonnes pratiques et les directives de Google. Yapi Web respecte les consignes du <a title=\"Guide AdWods des annonceurs\" href=\"https:\/\/www.google.com\/intl\/fr\/adwords\/thirdpartypartners\/\" target=\"_blank\" rel=\"noopener\">guide AdWords des annonceurs<\/a>.<\/p>\n<p style=\"text-align: justify;\">Nous vous informons sur les possibilit\u00e9s concr\u00e8tes de mise en place de vos campagnes et leur optimisation. Nous vous transmettons lors de nos <a title=\"Formations\" href=\"https:\/\/www.yapiweb.ch\/fr\/formations\/\">formations<\/a> le savoir-faire n\u00e9cessaire pour que vous puissiez r\u00e9aliser vous-m\u00eame vos campagnes AdWords si vous le souhaitez.<\/p>\n","protected":false},"excerpt":{"rendered":"<p>AdWords est le programme publicitaire de Google. Il vous permet de placer pour certains termes de recherche des liens sponsoris\u00e9s sur Google et dans son r\u00e9seau partenaire contenant de nombreux sites web. Atteignez vos objectifs AdWords: La connaissance de vos objectifs vous permet de d\u00e9finir et de mettre en place les moyens qui vous conduiront [&hellip;]<\/p>\n","protected":false},"author":3,"featured_media":0,"parent":799,"menu_order":0,"comment_status":"closed","ping_status":"closed","template":"","meta":{"_acf_changed":false,"footnotes":""},"class_list":["post-801","page","type-page","status-publish","hentry"],"yoast_head":"<!-- This site is optimized with the Yoast SEO plugin v27.1.1 - https:\/\/yoast.com\/product\/yoast-seo-wordpress\/ -->\n<title>Google AdWords - SEM pour les PME avec Lucia Yapi<\/title>\n<meta name=\"description\" content=\"Effizient Google AdWords mit Yapi Web: Verbessern Sie mit Top AdWords-Kampagnen Ihre Online Pr\u00e4senz und generieren Sie mehr relevanten Traffic.\" \/>\n<meta name=\"robots\" content=\"index, follow, max-snippet:-1, max-image-preview:large, max-video-preview:-1\" \/>\n<link rel=\"canonical\" href=\"https:\/\/www.yapiweb.ch\/fr\/liens-sponsorises\/google-adwords-fr\/\" \/>\n<meta property=\"og:locale\" content=\"fr_FR\" \/>\n<meta property=\"og:type\" content=\"article\" \/>\n<meta property=\"og:title\" content=\"Google AdWords - SEM pour les PME avec Lucia Yapi\" \/>\n<meta property=\"og:description\" content=\"Effizient Google AdWords mit Yapi Web: Verbessern Sie mit Top AdWords-Kampagnen Ihre Online Pr\u00e4senz und generieren Sie mehr relevanten Traffic.\" \/>\n<meta property=\"og:url\" content=\"https:\/\/www.yapiweb.ch\/fr\/liens-sponsorises\/google-adwords-fr\/\" \/>\n<meta property=\"og:site_name\" content=\"Yapi Web\" \/>\n<meta property=\"article:modified_time\" content=\"2025-04-24T06:57:43+00:00\" \/>\n<meta name=\"twitter:card\" content=\"summary_large_image\" \/>\n<meta name=\"twitter:label1\" content=\"Dur\u00e9e de lecture estim\u00e9e\" \/>\n\t<meta name=\"twitter:data1\" content=\"1 minute\" \/>\n<script type=\"application\/ld+json\" class=\"yoast-schema-graph\">{\"@context\":\"https:\/\/schema.org\",\"@graph\":[{\"@type\":\"WebPage\",\"@id\":\"https:\/\/www.yapiweb.ch\/fr\/liens-sponsorises\/google-adwords-fr\/\",\"url\":\"https:\/\/www.yapiweb.ch\/fr\/liens-sponsorises\/google-adwords-fr\/\",\"name\":\"Google AdWords - SEM pour les PME avec Lucia Yapi\",\"isPartOf\":{\"@id\":\"https:\/\/www.yapiweb.ch\/#website\"},\"datePublished\":\"2013-02-05T21:38:57+00:00\",\"dateModified\":\"2025-04-24T06:57:43+00:00\",\"description\":\"Effizient Google AdWords mit Yapi Web: Verbessern Sie mit Top AdWords-Kampagnen Ihre Online Pr\u00e4senz und generieren Sie mehr relevanten Traffic.\",\"breadcrumb\":{\"@id\":\"https:\/\/www.yapiweb.ch\/fr\/liens-sponsorises\/google-adwords-fr\/#breadcrumb\"},\"inLanguage\":\"fr-FR\",\"potentialAction\":[{\"@type\":\"ReadAction\",\"target\":[\"https:\/\/www.yapiweb.ch\/fr\/liens-sponsorises\/google-adwords-fr\/\"]}]},{\"@type\":\"BreadcrumbList\",\"@id\":\"https:\/\/www.yapiweb.ch\/fr\/liens-sponsorises\/google-adwords-fr\/#breadcrumb\",\"itemListElement\":[{\"@type\":\"ListItem\",\"position\":1,\"name\":\"Startseite\",\"item\":\"https:\/\/www.yapiweb.ch\/fr\/\"},{\"@type\":\"ListItem\",\"position\":2,\"name\":\"Liens sponsoris\u00e9s\",\"item\":\"https:\/\/www.yapiweb.ch\/fr\/liens-sponsorises\/\"},{\"@type\":\"ListItem\",\"position\":3,\"name\":\"Google AdWords (fr)\"}]},{\"@type\":\"WebSite\",\"@id\":\"https:\/\/www.yapiweb.ch\/#website\",\"url\":\"https:\/\/www.yapiweb.ch\/\",\"name\":\"Yapi Web\",\"description\":\"Your Accurate Professional !\",\"publisher\":{\"@id\":\"https:\/\/www.yapiweb.ch\/#organization\"},\"potentialAction\":[{\"@type\":\"SearchAction\",\"target\":{\"@type\":\"EntryPoint\",\"urlTemplate\":\"https:\/\/www.yapiweb.ch\/?s={search_term_string}\"},\"query-input\":{\"@type\":\"PropertyValueSpecification\",\"valueRequired\":true,\"valueName\":\"search_term_string\"}}],\"inLanguage\":\"fr-FR\"},{\"@type\":\"Organization\",\"@id\":\"https:\/\/www.yapiweb.ch\/#organization\",\"name\":\"Yapi Web\",\"url\":\"https:\/\/www.yapiweb.ch\/\",\"logo\":{\"@type\":\"ImageObject\",\"inLanguage\":\"fr-FR\",\"@id\":\"https:\/\/www.yapiweb.ch\/#\/schema\/logo\/image\/\",\"url\":\"https:\/\/www.yapiweb.ch\/wp-content\/uploads\/Yapi-Web-Logo.png\",\"contentUrl\":\"https:\/\/www.yapiweb.ch\/wp-content\/uploads\/Yapi-Web-Logo.png\",\"width\":846,\"height\":399,\"caption\":\"Yapi Web\"},\"image\":{\"@id\":\"https:\/\/www.yapiweb.ch\/#\/schema\/logo\/image\/\"}}]}<\/script>\n<!-- \/ Yoast SEO plugin. -->","yoast_head_json":{"title":"Google AdWords - SEM pour les PME avec Lucia Yapi","description":"Effizient Google AdWords mit Yapi Web: Verbessern Sie mit Top AdWords-Kampagnen Ihre Online Pr\u00e4senz und generieren Sie mehr relevanten Traffic.","robots":{"index":"index","follow":"follow","max-snippet":"max-snippet:-1","max-image-preview":"max-image-preview:large","max-video-preview":"max-video-preview:-1"},"canonical":"https:\/\/www.yapiweb.ch\/fr\/liens-sponsorises\/google-adwords-fr\/","og_locale":"fr_FR","og_type":"article","og_title":"Google AdWords - SEM pour les PME avec Lucia Yapi","og_description":"Effizient Google AdWords mit Yapi Web: Verbessern Sie mit Top AdWords-Kampagnen Ihre Online Pr\u00e4senz und generieren Sie mehr relevanten Traffic.","og_url":"https:\/\/www.yapiweb.ch\/fr\/liens-sponsorises\/google-adwords-fr\/","og_site_name":"Yapi Web","article_modified_time":"2025-04-24T06:57:43+00:00","twitter_card":"summary_large_image","twitter_misc":{"Dur\u00e9e de lecture estim\u00e9e":"1 minute"},"schema":{"@context":"https:\/\/schema.org","@graph":[{"@type":"WebPage","@id":"https:\/\/www.yapiweb.ch\/fr\/liens-sponsorises\/google-adwords-fr\/","url":"https:\/\/www.yapiweb.ch\/fr\/liens-sponsorises\/google-adwords-fr\/","name":"Google AdWords - SEM pour les PME avec Lucia Yapi","isPartOf":{"@id":"https:\/\/www.yapiweb.ch\/#website"},"datePublished":"2013-02-05T21:38:57+00:00","dateModified":"2025-04-24T06:57:43+00:00","description":"Effizient Google AdWords mit Yapi Web: Verbessern Sie mit Top AdWords-Kampagnen Ihre Online Pr\u00e4senz und generieren Sie mehr relevanten Traffic.","breadcrumb":{"@id":"https:\/\/www.yapiweb.ch\/fr\/liens-sponsorises\/google-adwords-fr\/#breadcrumb"},"inLanguage":"fr-FR","potentialAction":[{"@type":"ReadAction","target":["https:\/\/www.yapiweb.ch\/fr\/liens-sponsorises\/google-adwords-fr\/"]}]},{"@type":"BreadcrumbList","@id":"https:\/\/www.yapiweb.ch\/fr\/liens-sponsorises\/google-adwords-fr\/#breadcrumb","itemListElement":[{"@type":"ListItem","position":1,"name":"Startseite","item":"https:\/\/www.yapiweb.ch\/fr\/"},{"@type":"ListItem","position":2,"name":"Liens sponsoris\u00e9s","item":"https:\/\/www.yapiweb.ch\/fr\/liens-sponsorises\/"},{"@type":"ListItem","position":3,"name":"Google AdWords (fr)"}]},{"@type":"WebSite","@id":"https:\/\/www.yapiweb.ch\/#website","url":"https:\/\/www.yapiweb.ch\/","name":"Yapi Web","description":"Your Accurate Professional !","publisher":{"@id":"https:\/\/www.yapiweb.ch\/#organization"},"potentialAction":[{"@type":"SearchAction","target":{"@type":"EntryPoint","urlTemplate":"https:\/\/www.yapiweb.ch\/?s={search_term_string}"},"query-input":{"@type":"PropertyValueSpecification","valueRequired":true,"valueName":"search_term_string"}}],"inLanguage":"fr-FR"},{"@type":"Organization","@id":"https:\/\/www.yapiweb.ch\/#organization","name":"Yapi Web","url":"https:\/\/www.yapiweb.ch\/","logo":{"@type":"ImageObject","inLanguage":"fr-FR","@id":"https:\/\/www.yapiweb.ch\/#\/schema\/logo\/image\/","url":"https:\/\/www.yapiweb.ch\/wp-content\/uploads\/Yapi-Web-Logo.png","contentUrl":"https:\/\/www.yapiweb.ch\/wp-content\/uploads\/Yapi-Web-Logo.png","width":846,"height":399,"caption":"Yapi Web"},"image":{"@id":"https:\/\/www.yapiweb.ch\/#\/schema\/logo\/image\/"}}]}},"acf":[],"_links":{"self":[{"href":"https:\/\/www.yapiweb.ch\/fr\/wp-json\/wp\/v2\/pages\/801","targetHints":{"allow":["GET"]}}],"collection":[{"href":"https:\/\/www.yapiweb.ch\/fr\/wp-json\/wp\/v2\/pages"}],"about":[{"href":"https:\/\/www.yapiweb.ch\/fr\/wp-json\/wp\/v2\/types\/page"}],"author":[{"embeddable":true,"href":"https:\/\/www.yapiweb.ch\/fr\/wp-json\/wp\/v2\/users\/3"}],"replies":[{"embeddable":true,"href":"https:\/\/www.yapiweb.ch\/fr\/wp-json\/wp\/v2\/comments?post=801"}],"version-history":[{"count":4,"href":"https:\/\/www.yapiweb.ch\/fr\/wp-json\/wp\/v2\/pages\/801\/revisions"}],"predecessor-version":[{"id":5436,"href":"https:\/\/www.yapiweb.ch\/fr\/wp-json\/wp\/v2\/pages\/801\/revisions\/5436"}],"up":[{"embeddable":true,"href":"https:\/\/www.yapiweb.ch\/fr\/wp-json\/wp\/v2\/pages\/799"}],"wp:attachment":[{"href":"https:\/\/www.yapiweb.ch\/fr\/wp-json\/wp\/v2\/media?parent=801"}],"curies":[{"name":"wp","href":"https:\/\/api.w.org\/{rel}","templated":true}]}}